{"id":13,"date":"2025-09-14T12:17:36","date_gmt":"2025-09-14T12:17:36","guid":{"rendered":"https:\/\/osteopaattieresmaa.fi\/?page_id=13"},"modified":"2025-09-18T03:34:58","modified_gmt":"2025-09-18T03:34:58","slug":"home","status":"publish","type":"page","link":"https:\/\/osteopaattieresmaa.fi\/","title":{"rendered":""},"content":{"rendered":"\n<div class=\"wp-block-cover alignfull is-light hestia-clear-top-padding\"><span aria-hidden=\"true\" class=\"wp-block-cover__background has-white-background-color has-background-dim-100 has-background-dim\"><\/span><div class=\"wp-block-cover__inner-container is-layout-flow wp-block-cover-is-layout-flow\">\n<h2 class=\"wp-block-heading has-text-align-center has-text-color\" style=\"color:#3c4858\">Osteopaatti ja koulutettu hieroja Lahden keskustassa<\/h2>\n\n\n\n<div style=\"height:40px\" aria-hidden=\"true\" class=\"wp-block-spacer\"><\/div>\n\n\n\n<div class=\"wp-block-columns container is-layout-flex wp-container-core-columns-is-layout-28f84493 wp-block-columns-is-layout-flex\">\n<div class=\"wp-block-column is-layout-flow wp-block-column-is-layout-flow\"><div class=\"wp-block-image\">\n<figure class=\"aligncenter size-large\"><img loading=\"lazy\" decoding=\"async\" width=\"768\" height=\"1024\" src=\"https:\/\/osteopaattieresmaa.fi\/wp-content\/uploads\/2025\/09\/WhatsApp-Image-2025-08-16-at-20.29.23-768x1024.jpeg\" alt=\"\" class=\"wp-image-23\" srcset=\"https:\/\/osteopaattieresmaa.fi\/wp-content\/uploads\/2025\/09\/WhatsApp-Image-2025-08-16-at-20.29.23-768x1024.jpeg 768w, https:\/\/osteopaattieresmaa.fi\/wp-content\/uploads\/2025\/09\/WhatsApp-Image-2025-08-16-at-20.29.23-225x300.jpeg 225w, https:\/\/osteopaattieresmaa.fi\/wp-content\/uploads\/2025\/09\/WhatsApp-Image-2025-08-16-at-20.29.23-1152x1536.jpeg 1152w, https:\/\/osteopaattieresmaa.fi\/wp-content\/uploads\/2025\/09\/WhatsApp-Image-2025-08-16-at-20.29.23.jpeg 1200w\" sizes=\"auto, (max-width: 768px) 100vw, 768px\" \/><\/figure>\n<\/div>\n\n\n<h5 class=\"wp-block-heading has-text-align-center has-text-color\" style=\"color:#3c4858;font-size:18px\">Mit\u00e4 on osteopatia?<\/h5>\n\n\n\n<p class=\"has-text-align-center has-text-color\" style=\"color:#999999;font-size:14px\">Osteopatia on tuki- ja liikuntaelimist\u00f6n monipuolinen hoitomuoto. Osteopaattisen hoidon tavoitteena on edist\u00e4\u00e4 ja tukea turvallisesti asiakkaan kaikkia terveyden osa-alueita. Osteopaatin toiminta perustuu laajaan ymm\u00e4rrykseen anatomiasta ja fysiologiasta sek\u00e4 osteopatian perusperiaatteisiin.<\/p>\n\n\n\n<p class=\"has-text-align-center has-text-color\" style=\"color:#999999;font-size:14px\">Osteopaatti on Suomessa Valviran rekister\u00f6im\u00e4 ja nimikesuojattu terveydenhuollon ammattihenkil\u00f6. Osteopaatin osaamiseen kuuluu laaja osaaminen kehon tuki- ja liikuntaelimist\u00f6n sek\u00e4 hermostollisten h\u00e4iri\u00f6iden tutkimisessa, arvioinnissa ja hoidossa.<\/p>\n\n\n\n<div style=\"height:25px\" aria-hidden=\"true\" class=\"wp-block-spacer\"><\/div>\n<\/div>\n\n\n\n<div class=\"wp-block-column is-layout-flow wp-block-column-is-layout-flow\"><div class=\"wp-block-image\">\n<figure class=\"aligncenter size-large\"><img loading=\"lazy\" decoding=\"async\" width=\"768\" height=\"1024\" src=\"https:\/\/osteopaattieresmaa.fi\/wp-content\/uploads\/2025\/09\/WhatsApp-Image-2025-09-14-at-15.11.02-768x1024.jpeg\" alt=\"\" class=\"wp-image-39\" srcset=\"https:\/\/osteopaattieresmaa.fi\/wp-content\/uploads\/2025\/09\/WhatsApp-Image-2025-09-14-at-15.11.02-768x1024.jpeg 768w, https:\/\/osteopaattieresmaa.fi\/wp-content\/uploads\/2025\/09\/WhatsApp-Image-2025-09-14-at-15.11.02-225x300.jpeg 225w, https:\/\/osteopaattieresmaa.fi\/wp-content\/uploads\/2025\/09\/WhatsApp-Image-2025-09-14-at-15.11.02-1152x1536.jpeg 1152w, https:\/\/osteopaattieresmaa.fi\/wp-content\/uploads\/2025\/09\/WhatsApp-Image-2025-09-14-at-15.11.02.jpeg 1530w\" sizes=\"auto, (max-width: 768px) 100vw, 768px\" \/><\/figure>\n<\/div>\n\n\n<h5 class=\"wp-block-heading has-text-align-center has-text-color\" style=\"color:#3c4858;font-size:18px\">Osteopaattinen hoito<\/h5>\n\n\n\n<p class=\"has-text-align-center has-text-color\" style=\"color:#999999;font-size:14px\">Osteopaattisen hoito perustuu laajasti asiakkaan kokonaistilan ymm\u00e4rt\u00e4miseen, joten ensimm\u00e4isell\u00e4 k\u00e4yntikerralla k\u00e4yd\u00e4\u00e4n kattavasti l\u00e4pi asiakkaan historia ja tulosyy oireineen. Hoito suunnitellaan aina asiakkaan tarpeen mukaan yksil\u00f6llisesti ja siin\u00e4 voidaan k\u00e4ytt\u00e4\u00e4 erilaisia mobilisaatio-, manipulaatio- ja pehmytkudostekniikoita. Hoitotekniikat ovat lempeit\u00e4 ja turvallisia sek\u00e4 kaikenik\u00e4isille ja -kuntoisille soveltuvia hoitomenetelmi\u00e4. Osteopaattisella hoidolla voidaan my\u00f6s pyrki\u00e4 mahdollistamaan hyv\u00e4n toimintakyvyn yll\u00e4pito, eli vastaanotolle voi tulla my\u00f6s ilman vaivaa. <\/p>\n\n\n\n<p class=\"has-text-align-center has-text-color\" style=\"color:#999999;font-size:14px\">Osteopaattisen hoidon yhteydess\u00e4 tarjoan my\u00f6s kinesioteippausta, mik\u00e4li asiakas n\u00e4in toivoo ja teippauksesta olisi mahdollisesti apua. <\/p>\n\n\n\n<p class=\"has-text-align-center has-text-color\" style=\"color:#999999;font-size:14px\">Lis\u00e4tietoa osteopatiasta ja sen tarjoamista hoitomuodoista l\u00f6ytyy Osteopaattiliiton sivuilta https:\/\/osteopaattiliitto.fi\/<\/p>\n\n\n\n<div style=\"height:25px\" aria-hidden=\"true\" class=\"wp-block-spacer\"><\/div>\n<\/div>\n\n\n\n<div class=\"wp-block-column is-layout-flow wp-block-column-is-layout-flow\"><div class=\"wp-block-image\">\n<figure class=\"aligncenter size-large\"><img loading=\"lazy\" decoding=\"async\" width=\"768\" height=\"1024\" src=\"https:\/\/osteopaattieresmaa.fi\/wp-content\/uploads\/2025\/09\/WhatsApp-Image-2025-09-15-at-15.11.51-768x1024.jpeg\" alt=\"\" class=\"wp-image-63\" srcset=\"https:\/\/osteopaattieresmaa.fi\/wp-content\/uploads\/2025\/09\/WhatsApp-Image-2025-09-15-at-15.11.51-768x1024.jpeg 768w, https:\/\/osteopaattieresmaa.fi\/wp-content\/uploads\/2025\/09\/WhatsApp-Image-2025-09-15-at-15.11.51-225x300.jpeg 225w, https:\/\/osteopaattieresmaa.fi\/wp-content\/uploads\/2025\/09\/WhatsApp-Image-2025-09-15-at-15.11.51-1152x1536.jpeg 1152w, https:\/\/osteopaattieresmaa.fi\/wp-content\/uploads\/2025\/09\/WhatsApp-Image-2025-09-15-at-15.11.51.jpeg 1530w\" sizes=\"auto, (max-width: 768px) 100vw, 768px\" \/><\/figure>\n<\/div>\n\n\n<h5 class=\"wp-block-heading has-text-align-center has-text-color\" style=\"color:#3c4858;font-size:18px\">Hieronta<\/h5>\n\n\n\n<p class=\"has-text-align-center has-text-color\" style=\"color:#999999;font-size:14px\">Hieronnassa keskityt\u00e4\u00e4n aina asiakkaan ongelmakohtiin kuitenkaan ymp\u00e4r\u00f6iv\u00e4\u00e4 aluetta unohtamatta. K\u00e4yt\u00e4n hieronnassa perinteisi\u00e4 hierontaotteita sek\u00e4 lihasten aktivaatiota hy\u00f6dynt\u00e4v\u00e4\u00e4 MET-tekniikkaa. Lis\u00e4ksi hy\u00f6dynn\u00e4n etenkin hartiaseudun ongelmissa nivelten passiivisien liikkeen rentouttavaa vaikutusta ymp\u00e4r\u00f6iviin pehmytkudoksiin. <\/p>\n\n\n\n<p class=\"has-text-align-center has-text-color\" style=\"color:#999999;font-size:14px\"><\/p>\n<\/div>\n<\/div>\n\n\n\n<h2 class=\"wp-block-heading\">Purentalihask\u00e4sittely<\/h2>\n\n\n\n<p>Purentalihaksia sek\u00e4 leukanivelt\u00e4 on mahdollista k\u00e4sitell\u00e4 sek\u00e4 hieronnan ett\u00e4 osteopaattisen hoidon yhteydess\u00e4. Mik\u00e4li purentalihasongelmat ovat tulosyyn\u00e4, toivon t\u00e4st\u00e4 mainintaa lis\u00e4tietokent\u00e4ss\u00e4. <\/p>\n\n\n\n<h2 class=\"wp-block-heading\">Hinnasto<\/h2>\n\n\n\n<ul class=\"wp-block-list\">\n<li>Osteopaattinen hoito 60 min 60 \u20ac<\/li>\n\n\n\n<li>Hieronta 25 min 25 \u20ac<\/li>\n\n\n\n<li>Hieronta 50 min 45 \u20ac<\/li>\n\n\n\n<li>Hieronta 90 min 65 \u20ac<\/li>\n<\/ul>\n\n\n\n<p>Maksuvaihtoehtoina korttimaksu, k\u00e4teinen sek\u00e4 ty\u00f6nantajan tarjoamat hieronta- tai hyvinvointiedut Epassi, Smartum ja Edenred. <\/p>\n\n\n\n<h2 class=\"wp-block-heading\">Noora Eresmaa<\/h2>\n\n\n\n<div class=\"wp-block-columns is-layout-flex wp-container-core-columns-is-layout-28f84493 wp-block-columns-is-layout-flex\">\n<div class=\"wp-block-column is-layout-flow wp-block-column-is-layout-flow\" style=\"flex-basis:33.33%\">\n<figure class=\"wp-block-image size-large\"><img loading=\"lazy\" decoding=\"async\" width=\"768\" height=\"1024\" src=\"https:\/\/osteopaattieresmaa.fi\/wp-content\/uploads\/2025\/09\/WhatsApp-Image-2025-09-14-at-14.46.44-5-1-768x1024.jpeg\" alt=\"\" class=\"wp-image-40\" srcset=\"https:\/\/osteopaattieresmaa.fi\/wp-content\/uploads\/2025\/09\/WhatsApp-Image-2025-09-14-at-14.46.44-5-1-768x1024.jpeg 768w, https:\/\/osteopaattieresmaa.fi\/wp-content\/uploads\/2025\/09\/WhatsApp-Image-2025-09-14-at-14.46.44-5-1-225x300.jpeg 225w, https:\/\/osteopaattieresmaa.fi\/wp-content\/uploads\/2025\/09\/WhatsApp-Image-2025-09-14-at-14.46.44-5-1-1152x1536.jpeg 1152w, https:\/\/osteopaattieresmaa.fi\/wp-content\/uploads\/2025\/09\/WhatsApp-Image-2025-09-14-at-14.46.44-5-1.jpeg 1278w\" sizes=\"auto, (max-width: 768px) 100vw, 768px\" \/><\/figure>\n<\/div>\n\n\n\n<div class=\"wp-block-column is-layout-flow wp-block-column-is-layout-flow\" style=\"flex-basis:66.66%\">\n<p class=\"has-text-align-left has-text-color\" style=\"color:#999999;font-size:14px\">Kiinnostuin kehosta ja sen toiminnasta oman juoksuharrastukseni my\u00f6t\u00e4. 2015-2016 opiskelin urheiluhierojaksi (sports massage therapist) Iso-Britanniassa ja valmistumiseni j\u00e4lkeen ty\u00f6skentelin osana isompaa tiimi\u00e4 kiropraktikkoklinikalla. T\u00e4ll\u00f6in my\u00f6s sain ensikosketukseni osteopatiaan ja sen tarjoamiin mahdollisuuksiin.<\/p>\n\n\n\n<p class=\"has-text-align-left has-text-color\" style=\"color:#999999;font-size:14px\">Suomeen palattuani hankin suomalaisen koulutetun hierojan p\u00e4tevyyden ja aloitin ty\u00f6skentelyn koulutettuna hierojana. Syksyll\u00e4 2021 aloitin osteopatian opinnot Metropolia Ammattikorkeakoulussa Helsingiss\u00e4, ja osteopaatiksi valmistuin kev\u00e4\u00e4ll\u00e4 2025.  <\/p>\n<\/div>\n<\/div>\n<\/div><\/div>\n\n\n\n<div class=\"wp-block-columns container is-layout-flex wp-container-core-columns-is-layout-28f84493 wp-block-columns-is-layout-flex\">\n<div class=\"wp-block-column col-md-5 is-layout-flow wp-block-column-is-layout-flow\">\n<h2 class=\"wp-block-heading has-text-align-left\">Koulutus ja kurssit<\/h2>\n\n\n\n<ul class=\"wp-block-list\">\n<li>Sports Massage Therapist, BTEC level 5, Oxford School of Sports Massage 2016<\/li>\n\n\n\n<li>The Vital Shoulder Complex Masterclass -lyhytkurssi 2017<\/li>\n\n\n\n<li>Kinesiology Taping for the Athlete Masterclass -lyhytkurssi 2018<\/li>\n\n\n\n<li>Instrument Assisted Soft Tissue Mobilisation (IASTM) -lyhytkurssi 2018<\/li>\n\n\n\n<li>Koulutettu hieroja 2020<\/li>\n\n\n\n<li>Osteopaatti, Metropolia Ammattikorkeakoulu 2025<\/li>\n<\/ul>\n<\/div>\n<\/div>\n\n\n\n<h2 class=\"wp-block-heading has-text-align-left\">Yhteystiedot<\/h2>\n\n\n\n<p><strong>K\u00e4yntiosoite<\/strong>&nbsp;Aleksanterinkatu 26 A, 4. krs, 15140 Lahti<\/p>\n\n\n\n<p>Puh. 045 316 1980<\/p>\n\n\n\n<p><\/p>\n","protected":false},"excerpt":{"rendered":"<p>Koulutus ja kurssit Yhteystiedot K\u00e4yntiosoite&nbsp;Aleksanterinkatu 26 A, 4. krs, 15140 Lahti Puh. 045 316 1980<\/p>\n","protected":false},"author":1,"featured_media":0,"parent":0,"menu_order":0,"comment_status":"closed","ping_status":"closed","template":"","meta":{"footnotes":""},"class_list":["post-13","page","type-page","status-publish","hentry"],"_links":{"self":[{"href":"https:\/\/osteopaattieresmaa.fi\/index.php\/wp-json\/wp\/v2\/pages\/13","targetHints":{"allow":["GET"]}}],"collection":[{"href":"https:\/\/osteopaattieresmaa.fi\/index.php\/wp-json\/wp\/v2\/pages"}],"about":[{"href":"https:\/\/osteopaattieresmaa.fi\/index.php\/wp-json\/wp\/v2\/types\/page"}],"author":[{"embeddable":true,"href":"https:\/\/osteopaattieresmaa.fi\/index.php\/wp-json\/wp\/v2\/users\/1"}],"replies":[{"embeddable":true,"href":"https:\/\/osteopaattieresmaa.fi\/index.php\/wp-json\/wp\/v2\/comments?post=13"}],"version-history":[{"count":15,"href":"https:\/\/osteopaattieresmaa.fi\/index.php\/wp-json\/wp\/v2\/pages\/13\/revisions"}],"predecessor-version":[{"id":77,"href":"https:\/\/osteopaattieresmaa.fi\/index.php\/wp-json\/wp\/v2\/pages\/13\/revisions\/77"}],"wp:attachment":[{"href":"https:\/\/osteopaattieresmaa.fi\/index.php\/wp-json\/wp\/v2\/media?parent=13"}],"curies":[{"name":"wp","href":"https:\/\/api.w.org\/{rel}","templated":true}]}}